{"id":5,"date":"2012-03-02T21:11:14","date_gmt":"2012-03-02T21:11:14","guid":{"rendered":"http:\/\/www.wir-in-bochum.de\/?page_id=2"},"modified":"2012-12-18T11:36:07","modified_gmt":"2012-12-18T10:36:07","slug":"beispiel-seite-2","status":"publish","type":"page","link":"http:\/\/buergerbegehren-musikzentrum.de\/?page_id=5","title":{"rendered":"B\u00fcrgerbegehren"},"content":{"rendered":"<p><a href=\"http:\/\/buergerbegehren-musikzentrum.de\/wp-content\/uploads\/2012\/03\/janein.jpg\"><img loading=\"lazy\" decoding=\"async\" title=\"janein\" alt=\"\" src=\"http:\/\/buergerbegehren-musikzentrum.de\/wp-content\/uploads\/2012\/03\/janein.jpg\" width=\"188\" height=\"132\" \/><\/a><\/p>\n<p>Hier finden Sie alle wichtige Informationen zum B\u00fcrgerbegehren:<br \/>\n<a title=\"Das Oberverwaltungsgericht, die Platanen und der weitere Fortgang des B\u00fcrgerbegehrens\" href=\"http:\/\/buergerbegehren-musikzentrum.de\/blog\/2012\/11\/20\/das-oberverwaltungsgericht-die-platanen-und-der-weitere-fortgang-des-burgerbegehrens\/\"><br \/>\n<\/a><a title=\"B\u00fcrgerbegehren vom Rat zur\u00fcckgewiesen\" href=\"http:\/\/buergerbegehren-musikzentrum.de\/blog\/2012\/12\/18\/burgerbegehren-vom-rat-zuruckgewiesen\/\">B\u00fcrgerbegehren wird vom Rat zur\u00fcck gewiesen<\/a><a title=\"Das Oberverwaltungsgericht, die Platanen und der weitere Fortgang des B\u00fcrgerbegehrens\" href=\"http:\/\/buergerbegehren-musikzentrum.de\/blog\/2012\/11\/20\/das-oberverwaltungsgericht-die-platanen-und-der-weitere-fortgang-des-burgerbegehrens\/\"><br \/>\nDas Oberverwaltungsgericht, die Platanen und der weitere Fortgang des B\u00fcrgerbegehrens<br \/>\n<a title=\"Motivation B\u00fcrgerbegehren zum Musikzentrum\" href=\"http:\/\/buergerbegehren-musikzentrum.de\/?p=139\">Motivation f\u00fcr das B\u00fcrgerbegehren<br \/>\n<a title=\"Warum wir B\u00fcrger uns f\u00fcr das B\u00fcrgerbegehren engagieren\" href=\"http:\/\/buergerbegehren-musikzentrum.de\/?p=769\">Warum wir \u00a0B\u00fcrger uns f\u00fcr das Begehren engagieren<br \/>\n<a title=\"Inhalt des B\u00fcrgerbegehrens\" href=\"http:\/\/buergerbegehren-musikzentrum.de\/?p=194\">Inhalt des B\u00fcrgerbegehrens<br \/>\n<a title=\"Zeitablauf  B\u00fcrgerbegehren\" href=\"http:\/\/buergerbegehren-musikzentrum.de\/?p=213\">Zeitablauf \u00a0B\u00fcrgerbegehren\u00a0<\/a><a title=\"Rechtsposition der Stadt Bochum zum B\u00fcrgerbegehren zum Musikzentrum\" href=\"http:\/\/buergerbegehren-musikzentrum.de\/?p=226\">Musikzentrum<br \/>\n<a title=\"Rechtsposition der Stadt Bochum zum B\u00fcrgerbegehren zum Musikzentrum\" href=\"http:\/\/buergerbegehren-musikzentrum.de\/?p=226\">Strafanzeige des B\u00fcrgbegehrens wegen des Verdachts auf Subventionsbetrug<br \/>\n<a title=\"Kosten des B\u00fcrgerentscheides\" href=\"http:\/\/buergerbegehren-musikzentrum.de\/?p=582\">Kosten des B\u00fcrgerentscheides<br \/>\n<a title=\"Infos zu B\u00fcrgerbegehren allgemein\" href=\"http:\/\/buergerbegehren-musikzentrum.de\/?p=199\">Infos zu B\u00fcrgerbegehren allgemein<br \/>\n<a title=\"Kontakt\" href=\"http:\/\/buergerbegehren-musikzentrum.de\/?p=822\">Kontakt zur Initiative B\u00fcrgerbegehren Musikzentrum<\/a><\/a><\/a><\/a><\/a><\/a><\/a><\/a><\/a><\/p>\n","protected":false},"excerpt":{"rendered":"<p>Hier finden Sie alle wichtige Informationen zum B\u00fcrgerbegehren: B\u00fcrgerbegehren wird vom Rat zur\u00fcck gewiesen Das Oberverwaltungsgericht, die Platanen und der weitere Fortgang des B\u00fcrgerbegehrens Motivation f\u00fcr das B\u00fcrgerbegehren Warum wir \u00a0B\u00fcrger uns f\u00fcr das Begehren engagieren Inhalt des B\u00fcrgerbegehrens Zeitablauf \u00a0B\u00fcrgerbegehren\u00a0Musikzentrum Strafanzeige des B\u00fcrgbegehrens wegen des Verdachts auf Subventionsbetrug Kosten des B\u00fcrgerentscheides Infos zu B\u00fcrgerbegehren<a class=\"read-more\" href=\"http:\/\/buergerbegehren-musikzentrum.de\/?page_id=5\"> [&hellip;]<\/a><\/p>\n","protected":false},"author":1,"featured_media":0,"parent":0,"menu_order":1,"comment_status":"open","ping_status":"open","template":"sidebar-page.php","meta":{"footnotes":""},"class_list":["post-5","page","type-page","status-publish","hentry"],"publishpress_future_action":{"enabled":false,"date":"2026-04-27 10:51:55","action":"change-status","newStatus":"draft","terms":[],"taxonomy":"","extraData":[]},"publishpress_future_workflow_manual_trigger":{"enabledWorkflows":[]},"_links":{"self":[{"href":"http:\/\/buergerbegehren-musikzentrum.de\/index.php?rest_route=\/wp\/v2\/pages\/5","targetHints":{"allow":["GET"]}}],"collection":[{"href":"http:\/\/buergerbegehren-musikzentrum.de\/index.php?rest_route=\/wp\/v2\/pages"}],"about":[{"href":"http:\/\/buergerbegehren-musikzentrum.de\/index.php?rest_route=\/wp\/v2\/types\/page"}],"author":[{"embeddable":true,"href":"http:\/\/buergerbegehren-musikzentrum.de\/index.php?rest_route=\/wp\/v2\/users\/1"}],"replies":[{"embeddable":true,"href":"http:\/\/buergerbegehren-musikzentrum.de\/index.php?rest_route=%2Fwp%2Fv2%2Fcomments&post=5"}],"version-history":[{"count":15,"href":"http:\/\/buergerbegehren-musikzentrum.de\/index.php?rest_route=\/wp\/v2\/pages\/5\/revisions"}],"predecessor-version":[{"id":521,"href":"http:\/\/buergerbegehren-musikzentrum.de\/index.php?rest_route=\/wp\/v2\/pages\/5\/revisions\/521"}],"wp:attachment":[{"href":"http:\/\/buergerbegehren-musikzentrum.de\/index.php?rest_route=%2Fwp%2Fv2%2Fmedia&parent=5"}],"curies":[{"name":"wp","href":"https:\/\/api.w.org\/{rel}","templated":true}]}}